{"id":129,"date":"2023-10-09T08:01:59","date_gmt":"2023-10-09T08:01:59","guid":{"rendered":"http:\/\/192.168.1.150\/user2\/wp_prototypes\/tools\/?post_type=product&#038;p=129"},"modified":"2026-04-18T00:45:46","modified_gmt":"2026-04-17T22:45:46","slug":"meches-paumelles-a-centrage","status":"publish","type":"product","link":"https:\/\/oimaroc.com\/ar\/product\/meches-paumelles-a-centrage\/","title":{"rendered":"7\u00d7M\u00e9ches pour Paumelles \u00e0 Centrage Automatique"},"content":{"rendered":"<p>* \u0645\u064a\u0634\u0627\u062a \u0623\u062a\u0648\u0645\u0627\u062a\u064a\u0643 \u062a\u0627\u0639 \u0627\u0644\u0628\u0648\u0645\u064a\u0644\u0627\u062a\u00d77*<\/p>\n<p>*7\u00d7M\u00e9ches pour Paumelles \u00e0 Centrage Automatique*<\/p>","protected":false},"excerpt":{"rendered":"<div><\/div>\n<div><\/div>","protected":false},"featured_media":4156,"comment_status":"closed","ping_status":"closed","template":"","meta":{"_bst_post_transparent":"default","_bst_post_title":"","_bst_post_layout":"default","_bst_post_sidebar_id":"","_bst_post_content_style":"default","_bst_post_vertical_padding":"default","_bst_post_feature":"","_bst_post_feature_position":"","_bst_post_header":false,"_bst_post_footer":false},"product_brand":[],"product_cat":[45],"product_tag":[],"product_brands":[],"class_list":{"0":"post-129","1":"product","2":"type-product","3":"status-publish","4":"has-post-thumbnail","6":"product_cat-menuiserie","8":"first","9":"instock","10":"featured","11":"taxable","12":"shipping-taxable","13":"purchasable","14":"product-type-variable","15":"has-default-attributes","16":"entry","17":"content-bg","18":"loop-entry"},"_links":{"self":[{"href":"https:\/\/oimaroc.com\/ar\/wp-json\/wp\/v2\/product\/129","targetHints":{"allow":["GET"]}}],"collection":[{"href":"https:\/\/oimaroc.com\/ar\/wp-json\/wp\/v2\/product"}],"about":[{"href":"https:\/\/oimaroc.com\/ar\/wp-json\/wp\/v2\/types\/product"}],"replies":[{"embeddable":true,"href":"https:\/\/oimaroc.com\/ar\/wp-json\/wp\/v2\/comments?post=129"}],"version-history":[{"count":3,"href":"https:\/\/oimaroc.com\/ar\/wp-json\/wp\/v2\/product\/129\/revisions"}],"predecessor-version":[{"id":4204,"href":"https:\/\/oimaroc.com\/ar\/wp-json\/wp\/v2\/product\/129\/revisions\/4204"}],"wp:featuredmedia":[{"embeddable":true,"href":"https:\/\/oimaroc.com\/ar\/wp-json\/wp\/v2\/media\/4156"}],"wp:attachment":[{"href":"https:\/\/oimaroc.com\/ar\/wp-json\/wp\/v2\/media?parent=129"}],"wp:term":[{"taxonomy":"product_brand","embeddable":true,"href":"https:\/\/oimaroc.com\/ar\/wp-json\/wp\/v2\/product_brand?post=129"},{"taxonomy":"product_cat","embeddable":true,"href":"https:\/\/oimaroc.com\/ar\/wp-json\/wp\/v2\/product_cat?post=129"},{"taxonomy":"product_tag","embeddable":true,"href":"https:\/\/oimaroc.com\/ar\/wp-json\/wp\/v2\/product_tag?post=129"},{"taxonomy":"product_brands","embeddable":true,"href":"https:\/\/oimaroc.com\/ar\/wp-json\/wp\/v2\/product_brands?post=129"}],"curies":[{"name":"wp","href":"https:\/\/api.w.org\/{rel}","templated":true}]}}