{"id":2041,"date":"2024-11-12T12:08:52","date_gmt":"2024-11-12T11:08:52","guid":{"rendered":"https:\/\/oimaroc.com\/?post_type=product&#038;p=2041"},"modified":"2024-11-12T12:08:54","modified_gmt":"2024-11-12T11:08:54","slug":"disque-de-poncage-a-distance-pour-meuleuse-dangle-outils-electriques-carimplantes-materiaux-non-metalliques-16mm-3-pieces-ensemble","status":"publish","type":"product","link":"https:\/\/oimaroc.com\/ar\/product\/disque-de-poncage-a-distance-pour-meuleuse-dangle-outils-electriques-carimplantes-materiaux-non-metalliques-16mm-3-pieces-ensemble\/","title":{"rendered":"Disque de Pon\u00e7age \u00e0 Distance pour Meuleuse d&#8217;Angle, Outils \u00c9lectriques Carimplant\u00e9s, Mat\u00e9riaux Non M\u00e9talliques, 16mm, 3 Pi\u00e8ces\/Ensemble"},"content":{"rendered":"","protected":false},"excerpt":{"rendered":"","protected":false},"featured_media":2044,"comment_status":"open","ping_status":"closed","template":"","meta":{"_bst_post_transparent":"","_bst_post_title":"","_bst_post_layout":"","_bst_post_sidebar_id":"","_bst_post_content_style":"","_bst_post_vertical_padding":"","_bst_post_feature":"","_bst_post_feature_position":"","_bst_post_header":false,"_bst_post_footer":false},"product_brand":[],"product_cat":[45],"product_tag":[],"product_brands":[],"class_list":{"0":"post-2041","1":"product","2":"type-product","3":"status-publish","4":"has-post-thumbnail","6":"product_cat-menuiserie","8":"first","9":"instock","10":"sale","11":"taxable","12":"shipping-taxable","13":"purchasable","14":"product-type-simple","15":"entry","16":"content-bg","17":"loop-entry"},"_links":{"self":[{"href":"https:\/\/oimaroc.com\/ar\/wp-json\/wp\/v2\/product\/2041","targetHints":{"allow":["GET"]}}],"collection":[{"href":"https:\/\/oimaroc.com\/ar\/wp-json\/wp\/v2\/product"}],"about":[{"href":"https:\/\/oimaroc.com\/ar\/wp-json\/wp\/v2\/types\/product"}],"replies":[{"embeddable":true,"href":"https:\/\/oimaroc.com\/ar\/wp-json\/wp\/v2\/comments?post=2041"}],"version-history":[{"count":0,"href":"https:\/\/oimaroc.com\/ar\/wp-json\/wp\/v2\/product\/2041\/revisions"}],"wp:featuredmedia":[{"embeddable":true,"href":"https:\/\/oimaroc.com\/ar\/wp-json\/wp\/v2\/media\/2044"}],"wp:attachment":[{"href":"https:\/\/oimaroc.com\/ar\/wp-json\/wp\/v2\/media?parent=2041"}],"wp:term":[{"taxonomy":"product_brand","embeddable":true,"href":"https:\/\/oimaroc.com\/ar\/wp-json\/wp\/v2\/product_brand?post=2041"},{"taxonomy":"product_cat","embeddable":true,"href":"https:\/\/oimaroc.com\/ar\/wp-json\/wp\/v2\/product_cat?post=2041"},{"taxonomy":"product_tag","embeddable":true,"href":"https:\/\/oimaroc.com\/ar\/wp-json\/wp\/v2\/product_tag?post=2041"},{"taxonomy":"product_brands","embeddable":true,"href":"https:\/\/oimaroc.com\/ar\/wp-json\/wp\/v2\/product_brands?post=2041"}],"curies":[{"name":"wp","href":"https:\/\/api.w.org\/{rel}","templated":true}]}}