{"id":4124,"date":"2026-04-14T01:55:53","date_gmt":"2026-04-13T23:55:53","guid":{"rendered":"https:\/\/oimaroc.com\/?post_type=product&#038;p=4124"},"modified":"2026-04-14T02:01:55","modified_gmt":"2026-04-14T00:01:55","slug":"jeu-de-10-cles-a-pipe-debouchees-de-8-a-24mm-ou-5-cles-de-8-a-19mm","status":"publish","type":"product","link":"https:\/\/oimaroc.com\/ar\/product\/jeu-de-10-cles-a-pipe-debouchees-de-8-a-24mm-ou-5-cles-de-8-a-19mm\/","title":{"rendered":"*Jeu de 10 Cl\u00e9s \u00e0 Pipe d\u00e9bouch\u00e9es de 8 \u00e0 24mm ou 5 Cl\u00e9s de 8 \u00e0 19mm."},"content":{"rendered":"<p>\u0645\u062c\u0645\u0648\u0639\u0629 \u0645\u0643\u0648\u0646\u0629 \u0645\u0646 10 \u0645\u0641\u0627\u062a\u064a\u062d\/5 \u0645\u0641\u0627\u062a\u064a\u062d \u0645\u062a\u0639\u062f\u062f\u0629 \u0627\u0644\u0625\u0633\u062a\u0639\u0645\u0627\u0644\u0627\u062a<\/p>\n<p>*Jeu de 10 Cl\u00e9s \u00e0 Pipe d\u00e9bouch\u00e9es de 8 \u00e0 24mm ou 5 Cl\u00e9s de 8 \u00e0 19mm.<\/p>","protected":false},"excerpt":{"rendered":"<p>\u0645\u062c\u0645\u0648\u0639\u0629 \u0645\u0643\u0648\u0646\u0629 \u0645\u0646 10 \u0645\u0641\u0627\u062a\u064a\u062d\/5 \u0645\u0641\u0627\u062a\u064a\u062d \u0645\u062a\u0639\u062f\u062f\u0629 \u0627\u0644\u0625\u0633\u062a\u0639\u0645\u0627\u0644\u0627\u062a *Jeu de 10 Cl\u00e9s \u00e0 Pipe d\u00e9bouch\u00e9es de 8 \u00e0 24mm ou 5 Cl\u00e9s de 8 \u00e0 19mm.<\/p>","protected":false},"featured_media":4125,"comment_status":"open","ping_status":"closed","template":"","meta":{"_bst_post_transparent":"default","_bst_post_title":"","_bst_post_layout":"default","_bst_post_sidebar_id":"","_bst_post_content_style":"default","_bst_post_vertical_padding":"default","_bst_post_feature":"","_bst_post_feature_position":"","_bst_post_header":false,"_bst_post_footer":false},"product_brand":[],"product_cat":[50,47,52,46,45,51,48,53],"product_tag":[],"product_brands":[],"class_list":{"0":"post-4124","1":"product","2":"type-product","3":"status-publish","4":"has-post-thumbnail","6":"product_cat-carrelage","7":"product_cat-chaudronnerie","8":"product_cat-climatisation","9":"product_cat-marbre","10":"product_cat-menuiserie","11":"product_cat-plomberie","12":"product_cat-tuyauterie","13":"product_cat-vitrage","15":"first","16":"instock","17":"taxable","18":"shipping-taxable","19":"purchasable","20":"product-type-simple","21":"entry","22":"content-bg","23":"loop-entry"},"_links":{"self":[{"href":"https:\/\/oimaroc.com\/ar\/wp-json\/wp\/v2\/product\/4124","targetHints":{"allow":["GET"]}}],"collection":[{"href":"https:\/\/oimaroc.com\/ar\/wp-json\/wp\/v2\/product"}],"about":[{"href":"https:\/\/oimaroc.com\/ar\/wp-json\/wp\/v2\/types\/product"}],"replies":[{"embeddable":true,"href":"https:\/\/oimaroc.com\/ar\/wp-json\/wp\/v2\/comments?post=4124"}],"version-history":[{"count":1,"href":"https:\/\/oimaroc.com\/ar\/wp-json\/wp\/v2\/product\/4124\/revisions"}],"predecessor-version":[{"id":4128,"href":"https:\/\/oimaroc.com\/ar\/wp-json\/wp\/v2\/product\/4124\/revisions\/4128"}],"wp:featuredmedia":[{"embeddable":true,"href":"https:\/\/oimaroc.com\/ar\/wp-json\/wp\/v2\/media\/4125"}],"wp:attachment":[{"href":"https:\/\/oimaroc.com\/ar\/wp-json\/wp\/v2\/media?parent=4124"}],"wp:term":[{"taxonomy":"product_brand","embeddable":true,"href":"https:\/\/oimaroc.com\/ar\/wp-json\/wp\/v2\/product_brand?post=4124"},{"taxonomy":"product_cat","embeddable":true,"href":"https:\/\/oimaroc.com\/ar\/wp-json\/wp\/v2\/product_cat?post=4124"},{"taxonomy":"product_tag","embeddable":true,"href":"https:\/\/oimaroc.com\/ar\/wp-json\/wp\/v2\/product_tag?post=4124"},{"taxonomy":"product_brands","embeddable":true,"href":"https:\/\/oimaroc.com\/ar\/wp-json\/wp\/v2\/product_brands?post=4124"}],"curies":[{"name":"wp","href":"https:\/\/api.w.org\/{rel}","templated":true}]}}