{"id":4145,"date":"2026-04-17T00:12:08","date_gmt":"2026-04-16T22:12:08","guid":{"rendered":"https:\/\/oimaroc.com\/?post_type=product&#038;p=4145"},"modified":"2026-04-30T13:59:39","modified_gmt":"2026-04-30T11:59:39","slug":"2xcharniere-a-ressort-de-fermeture-automatique-polyvalente","status":"publish","type":"product","link":"https:\/\/oimaroc.com\/ar\/product\/2xcharniere-a-ressort-de-fermeture-automatique-polyvalente\/","title":{"rendered":"2\u00d7Charni\u00e8re \u00e0 Ressort de Fermeture Automatique Polyvalente"},"content":{"rendered":"<p>2\u00d7\u0645\u0641\u0635\u0644\u0629&#8221;\u0634\u0627\u0631\u0646\u064a\u0631&#8221; \u0628\u0627\u0644\u0646\u0627\u0628\u0636 \u0645\u062a\u0639\u062f\u062f\u0629 \u0627\u0644\u0625\u0633\u062a\u062d\u062f\u0627\u0645\u0627\u062a \u0630\u0627\u062a\u064a\u0629 \u0627\u0644\u0625\u063a\u0644\u0627\u0642<\/p>\n<p>2\u00d7Charni\u00e8re \u00e0 Ressort de Fermeture Automatique Polyvalente<\/p>","protected":false},"excerpt":{"rendered":"<p>2\u00d7\u0645\u0641\u0635\u0644\u0629&#8221;\u0634\u0627\u0631\u0646\u064a\u0631&#8221; \u0628\u0627\u0644\u0646\u0627\u0628\u0636 \u0645\u062a\u0639\u062f\u062f\u0629 \u0627\u0644\u0625\u0633\u062a\u062d\u062f\u0627\u0645\u0627\u062a \u0630\u0627\u062a\u064a\u0629 \u0627\u0644\u0625\u063a\u0644\u0627\u0642 2\u00d7Charni\u00e8re \u00e0 Ressort de Fermeture Automatique Polyvalente<\/p>","protected":false},"featured_media":4147,"comment_status":"open","ping_status":"closed","template":"","meta":{"_bst_post_transparent":"default","_bst_post_title":"","_bst_post_layout":"default","_bst_post_sidebar_id":"","_bst_post_content_style":"default","_bst_post_vertical_padding":"default","_bst_post_feature":"","_bst_post_feature_position":"","_bst_post_header":false,"_bst_post_footer":false},"product_brand":[],"product_cat":[47,52,45,53],"product_tag":[],"product_brands":[],"class_list":{"0":"post-4145","1":"product","2":"type-product","3":"status-publish","4":"has-post-thumbnail","6":"product_cat-chaudronnerie","7":"product_cat-climatisation","8":"product_cat-menuiserie","9":"product_cat-vitrage","11":"first","12":"instock","13":"taxable","14":"shipping-taxable","15":"purchasable","16":"product-type-simple","17":"entry","18":"content-bg","19":"loop-entry"},"_links":{"self":[{"href":"https:\/\/oimaroc.com\/ar\/wp-json\/wp\/v2\/product\/4145","targetHints":{"allow":["GET"]}}],"collection":[{"href":"https:\/\/oimaroc.com\/ar\/wp-json\/wp\/v2\/product"}],"about":[{"href":"https:\/\/oimaroc.com\/ar\/wp-json\/wp\/v2\/types\/product"}],"replies":[{"embeddable":true,"href":"https:\/\/oimaroc.com\/ar\/wp-json\/wp\/v2\/comments?post=4145"}],"version-history":[{"count":1,"href":"https:\/\/oimaroc.com\/ar\/wp-json\/wp\/v2\/product\/4145\/revisions"}],"predecessor-version":[{"id":4149,"href":"https:\/\/oimaroc.com\/ar\/wp-json\/wp\/v2\/product\/4145\/revisions\/4149"}],"wp:featuredmedia":[{"embeddable":true,"href":"https:\/\/oimaroc.com\/ar\/wp-json\/wp\/v2\/media\/4147"}],"wp:attachment":[{"href":"https:\/\/oimaroc.com\/ar\/wp-json\/wp\/v2\/media?parent=4145"}],"wp:term":[{"taxonomy":"product_brand","embeddable":true,"href":"https:\/\/oimaroc.com\/ar\/wp-json\/wp\/v2\/product_brand?post=4145"},{"taxonomy":"product_cat","embeddable":true,"href":"https:\/\/oimaroc.com\/ar\/wp-json\/wp\/v2\/product_cat?post=4145"},{"taxonomy":"product_tag","embeddable":true,"href":"https:\/\/oimaroc.com\/ar\/wp-json\/wp\/v2\/product_tag?post=4145"},{"taxonomy":"product_brands","embeddable":true,"href":"https:\/\/oimaroc.com\/ar\/wp-json\/wp\/v2\/product_brands?post=4145"}],"curies":[{"name":"wp","href":"https:\/\/api.w.org\/{rel}","templated":true}]}}