{"id":4249,"date":"2026-04-26T16:12:37","date_gmt":"2026-04-26T14:12:37","guid":{"rendered":"https:\/\/oimaroc.com\/?post_type=product&#038;p=4249"},"modified":"2026-04-30T14:07:31","modified_gmt":"2026-04-30T12:07:31","slug":"ensemble-de-8-forets-a-bouchons-4-coniques4-a-griffes","status":"publish","type":"product","link":"https:\/\/oimaroc.com\/ar\/product\/ensemble-de-8-forets-a-bouchons-4-coniques4-a-griffes\/","title":{"rendered":"Ensemble de 8 For\u00eats \u00e0 bouchons (4 Coniques+4 \u00e0 Griffes)"},"content":{"rendered":"<p>\u0645\u064a\u0634\u0627\u062a \u0644\u062b\u0642\u0628 \u0627\u0644\u062e\u0634\u0628 \u0648\u0635\u0646\u0627\u0639\u0629 \u0627\u0644\u0628\u0648\u0634\u0646\u0627\u062a<br \/>\nEnsemble de 8 For\u00eats \u00e0 bouchons<br \/>\n(4 Coniques+4 \u00e0 Griffes)<\/p>","protected":false},"excerpt":{"rendered":"<p>\u0645\u064a\u0634\u0627\u062a \u0644\u062b\u0642\u0628 \u0627\u0644\u062e\u0634\u0628 \u0648\u0635\u0646\u0627\u0639\u0629 \u0627\u0644\u0628\u0648\u0634\u0646\u0627\u062a Ensemble de 8 For\u00eats \u00e0 bouchons (4 Coniques+4 \u00e0 Griffes)<\/p>","protected":false},"featured_media":4252,"comment_status":"open","ping_status":"closed","template":"","meta":{"_bst_post_transparent":"default","_bst_post_title":"","_bst_post_layout":"default","_bst_post_sidebar_id":"","_bst_post_content_style":"default","_bst_post_vertical_padding":"default","_bst_post_feature":"","_bst_post_feature_position":"","_bst_post_header":false,"_bst_post_footer":false},"product_brand":[],"product_cat":[45],"product_tag":[],"product_brands":[],"class_list":{"0":"post-4249","1":"product","2":"type-product","3":"status-publish","4":"has-post-thumbnail","6":"product_cat-menuiserie","8":"first","9":"instock","10":"taxable","11":"shipping-taxable","12":"purchasable","13":"product-type-simple","14":"entry","15":"content-bg","16":"loop-entry"},"_links":{"self":[{"href":"https:\/\/oimaroc.com\/ar\/wp-json\/wp\/v2\/product\/4249","targetHints":{"allow":["GET"]}}],"collection":[{"href":"https:\/\/oimaroc.com\/ar\/wp-json\/wp\/v2\/product"}],"about":[{"href":"https:\/\/oimaroc.com\/ar\/wp-json\/wp\/v2\/types\/product"}],"replies":[{"embeddable":true,"href":"https:\/\/oimaroc.com\/ar\/wp-json\/wp\/v2\/comments?post=4249"}],"version-history":[{"count":1,"href":"https:\/\/oimaroc.com\/ar\/wp-json\/wp\/v2\/product\/4249\/revisions"}],"predecessor-version":[{"id":4253,"href":"https:\/\/oimaroc.com\/ar\/wp-json\/wp\/v2\/product\/4249\/revisions\/4253"}],"wp:featuredmedia":[{"embeddable":true,"href":"https:\/\/oimaroc.com\/ar\/wp-json\/wp\/v2\/media\/4252"}],"wp:attachment":[{"href":"https:\/\/oimaroc.com\/ar\/wp-json\/wp\/v2\/media?parent=4249"}],"wp:term":[{"taxonomy":"product_brand","embeddable":true,"href":"https:\/\/oimaroc.com\/ar\/wp-json\/wp\/v2\/product_brand?post=4249"},{"taxonomy":"product_cat","embeddable":true,"href":"https:\/\/oimaroc.com\/ar\/wp-json\/wp\/v2\/product_cat?post=4249"},{"taxonomy":"product_tag","embeddable":true,"href":"https:\/\/oimaroc.com\/ar\/wp-json\/wp\/v2\/product_tag?post=4249"},{"taxonomy":"product_brands","embeddable":true,"href":"https:\/\/oimaroc.com\/ar\/wp-json\/wp\/v2\/product_brands?post=4249"}],"curies":[{"name":"wp","href":"https:\/\/api.w.org\/{rel}","templated":true}]}}