{"id":4309,"date":"2026-04-30T00:28:37","date_gmt":"2026-04-29T22:28:37","guid":{"rendered":"https:\/\/oimaroc.com\/?post_type=product&#038;p=4309"},"modified":"2026-04-30T14:00:32","modified_gmt":"2026-04-30T12:00:32","slug":"coupeur-trou-carre-85mmx45mm-boite-electrique","status":"publish","type":"product","link":"https:\/\/oimaroc.com\/ar\/product\/coupeur-trou-carre-85mmx45mm-boite-electrique\/","title":{"rendered":"Coupeur trou carr\u00e9 85mm\u00d745mm bo\u00eete \u00e9lectrique"},"content":{"rendered":"<p>\u0623\u062f\u0627\u0629 \u0627\u0644\u062d\u0641\u0631 \u0627\u0644\u0645\u0631\u0628\u0639 85 \u0645\u0644\u0645\u062a\u0631 \/45 \u0645\u0644\u0645\u062a\u0631<br \/>\nCoupeur trou carr\u00e9 85mm\u00d745mm bo\u00eete \u00e9lectrique<\/p>","protected":false},"excerpt":{"rendered":"<p>\u0623\u062f\u0627\u0629 \u0627\u0644\u062d\u0641\u0631 \u0627\u0644\u0645\u0631\u0628\u0639 85 \u0645\u0644\u0645\u062a\u0631 \/45 \u0645\u0644\u0645\u062a\u0631 Coupeur trou carr\u00e9 85mm\u00d745mm bo\u00eete \u00e9lectrique<\/p>","protected":false},"featured_media":4311,"comment_status":"open","ping_status":"closed","template":"","meta":{"_bst_post_transparent":"default","_bst_post_title":"","_bst_post_layout":"default","_bst_post_sidebar_id":"","_bst_post_content_style":"default","_bst_post_vertical_padding":"default","_bst_post_feature":"","_bst_post_feature_position":"","_bst_post_header":false,"_bst_post_footer":false},"product_brand":[],"product_cat":[45],"product_tag":[],"product_brands":[],"class_list":{"0":"post-4309","1":"product","2":"type-product","3":"status-publish","4":"has-post-thumbnail","6":"product_cat-menuiserie","8":"first","9":"instock","10":"taxable","11":"shipping-taxable","12":"purchasable","13":"product-type-simple","14":"entry","15":"content-bg","16":"loop-entry"},"_links":{"self":[{"href":"https:\/\/oimaroc.com\/ar\/wp-json\/wp\/v2\/product\/4309","targetHints":{"allow":["GET"]}}],"collection":[{"href":"https:\/\/oimaroc.com\/ar\/wp-json\/wp\/v2\/product"}],"about":[{"href":"https:\/\/oimaroc.com\/ar\/wp-json\/wp\/v2\/types\/product"}],"replies":[{"embeddable":true,"href":"https:\/\/oimaroc.com\/ar\/wp-json\/wp\/v2\/comments?post=4309"}],"version-history":[{"count":1,"href":"https:\/\/oimaroc.com\/ar\/wp-json\/wp\/v2\/product\/4309\/revisions"}],"predecessor-version":[{"id":4313,"href":"https:\/\/oimaroc.com\/ar\/wp-json\/wp\/v2\/product\/4309\/revisions\/4313"}],"wp:featuredmedia":[{"embeddable":true,"href":"https:\/\/oimaroc.com\/ar\/wp-json\/wp\/v2\/media\/4311"}],"wp:attachment":[{"href":"https:\/\/oimaroc.com\/ar\/wp-json\/wp\/v2\/media?parent=4309"}],"wp:term":[{"taxonomy":"product_brand","embeddable":true,"href":"https:\/\/oimaroc.com\/ar\/wp-json\/wp\/v2\/product_brand?post=4309"},{"taxonomy":"product_cat","embeddable":true,"href":"https:\/\/oimaroc.com\/ar\/wp-json\/wp\/v2\/product_cat?post=4309"},{"taxonomy":"product_tag","embeddable":true,"href":"https:\/\/oimaroc.com\/ar\/wp-json\/wp\/v2\/product_tag?post=4309"},{"taxonomy":"product_brands","embeddable":true,"href":"https:\/\/oimaroc.com\/ar\/wp-json\/wp\/v2\/product_brands?post=4309"}],"curies":[{"name":"wp","href":"https:\/\/api.w.org\/{rel}","templated":true}]}}