{"id":4326,"date":"2026-04-30T23:32:56","date_gmt":"2026-04-30T21:32:56","guid":{"rendered":"https:\/\/oimaroc.com\/?post_type=product&#038;p=4326"},"modified":"2026-04-30T23:46:08","modified_gmt":"2026-04-30T21:46:08","slug":"stylo-electrique-rotatif-pour-ecrire-et-graver-sur-tous-les-metauxfraises","status":"publish","type":"product","link":"https:\/\/oimaroc.com\/ar\/product\/stylo-electrique-rotatif-pour-ecrire-et-graver-sur-tous-les-metauxfraises\/","title":{"rendered":"Stylo \u00e9lectrique Rotatif pour \u00e9crire et graver sur tous les m\u00e9taux+Fraises"},"content":{"rendered":"<p>\u0627\u0644\u0642\u0644\u0645 \u0627\u0644\u0643\u0647\u0631\u0628\u0627\u0626\u064a \u0644\u0644\u0643\u062a\u0627\u0628\u0629 \u0648\u0627\u0644\u0646\u0642\u0634 \u0639\u0644\u0649 \u062c\u0645\u064a\u0639 \u0627\u0644\u0645\u0639\u0627\u062f\u0646+\u0645\u064a\u0634\u0627\u062a<br \/>\nStylo \u00e9lectrique Rotatif pour \u00e9crire et graver sur tous les m\u00e9taux+Fraises<\/p>","protected":false},"excerpt":{"rendered":"<p>\u0627\u0644\u0642\u0644\u0645 \u0627\u0644\u0643\u0647\u0631\u0628\u0627\u0626\u064a \u0644\u0644\u0643\u062a\u0627\u0628\u0629 \u0648\u0627\u0644\u0646\u0642\u0634 \u0639\u0644\u0649 \u062c\u0645\u064a\u0639 \u0627\u0644\u0645\u0639\u0627\u062f\u0646+\u0645\u064a\u0634\u0627\u062a Stylo \u00e9lectrique Rotatif pour \u00e9crire et graver sur tous les m\u00e9taux+Fraises<\/p>","protected":false},"featured_media":4328,"comment_status":"open","ping_status":"closed","template":"","meta":{"_bst_post_transparent":"default","_bst_post_title":"","_bst_post_layout":"default","_bst_post_sidebar_id":"","_bst_post_content_style":"default","_bst_post_vertical_padding":"default","_bst_post_feature":"","_bst_post_feature_position":"","_bst_post_header":false,"_bst_post_footer":false},"product_brand":[],"product_cat":[45],"product_tag":[],"product_brands":[],"class_list":{"0":"post-4326","1":"product","2":"type-product","3":"status-publish","4":"has-post-thumbnail","6":"product_cat-menuiserie","8":"first","9":"instock","10":"taxable","11":"shipping-taxable","12":"purchasable","13":"product-type-simple","14":"entry","15":"content-bg","16":"loop-entry"},"_links":{"self":[{"href":"https:\/\/oimaroc.com\/ar\/wp-json\/wp\/v2\/product\/4326","targetHints":{"allow":["GET"]}}],"collection":[{"href":"https:\/\/oimaroc.com\/ar\/wp-json\/wp\/v2\/product"}],"about":[{"href":"https:\/\/oimaroc.com\/ar\/wp-json\/wp\/v2\/types\/product"}],"replies":[{"embeddable":true,"href":"https:\/\/oimaroc.com\/ar\/wp-json\/wp\/v2\/comments?post=4326"}],"version-history":[{"count":1,"href":"https:\/\/oimaroc.com\/ar\/wp-json\/wp\/v2\/product\/4326\/revisions"}],"predecessor-version":[{"id":4331,"href":"https:\/\/oimaroc.com\/ar\/wp-json\/wp\/v2\/product\/4326\/revisions\/4331"}],"wp:featuredmedia":[{"embeddable":true,"href":"https:\/\/oimaroc.com\/ar\/wp-json\/wp\/v2\/media\/4328"}],"wp:attachment":[{"href":"https:\/\/oimaroc.com\/ar\/wp-json\/wp\/v2\/media?parent=4326"}],"wp:term":[{"taxonomy":"product_brand","embeddable":true,"href":"https:\/\/oimaroc.com\/ar\/wp-json\/wp\/v2\/product_brand?post=4326"},{"taxonomy":"product_cat","embeddable":true,"href":"https:\/\/oimaroc.com\/ar\/wp-json\/wp\/v2\/product_cat?post=4326"},{"taxonomy":"product_tag","embeddable":true,"href":"https:\/\/oimaroc.com\/ar\/wp-json\/wp\/v2\/product_tag?post=4326"},{"taxonomy":"product_brands","embeddable":true,"href":"https:\/\/oimaroc.com\/ar\/wp-json\/wp\/v2\/product_brands?post=4326"}],"curies":[{"name":"wp","href":"https:\/\/api.w.org\/{rel}","templated":true}]}}