{"id":3945,"date":"2025-11-23T21:31:26","date_gmt":"2025-11-23T20:31:26","guid":{"rendered":"https:\/\/oimaroc.com\/?page_id=3945"},"modified":"2025-11-23T21:38:01","modified_gmt":"2025-11-23T20:38:01","slug":"conditions-generales","status":"publish","type":"page","link":"https:\/\/oimaroc.com\/fr\/conditions-generales\/","title":{"rendered":"Conditions g\u00e9n\u00e9rales"},"content":{"rendered":"<div data-elementor-type=\"wp-page\" data-elementor-id=\"3945\" class=\"elementor elementor-3945\">\n\t\t\t\t<div class=\"elementor-element elementor-element-0291b47 e-con-full e-flex e-con e-parent\" data-id=\"0291b47\" data-element_type=\"container\" data-e-type=\"container\">\n\t\t<div class=\"elementor-element elementor-element-a25cb45 e-flex e-con-boxed e-con e-child\" data-id=\"a25cb45\" data-element_type=\"container\" data-e-type=\"container\">\n\t\t\t\t\t<div class=\"e-con-inner\">\n\t\t\t\t<div class=\"elementor-element elementor-element-2156a0d elementor-widget elementor-widget-heading\" data-id=\"2156a0d\" data-element_type=\"widget\" data-e-type=\"widget\" data-widget_type=\"heading.default\">\n\t\t\t\t<div class=\"elementor-widget-container\">\n\t\t\t\t\t<h2 class=\"elementor-heading-title elementor-size-default\">Conditions g\u00e9n\u00e9rales<\/h2>\t\t\t\t<\/div>\n\t\t\t\t<\/div>\n\t\t\t\t<div class=\"elementor-element elementor-element-48f3365 elementor-widget elementor-widget-text-editor\" data-id=\"48f3365\" data-element_type=\"widget\" data-e-type=\"widget\" data-widget_type=\"text-editor.default\">\n\t\t\t\t<div class=\"elementor-widget-container\">\n\t\t\t\t\t\t\t\t\t<h2 data-start=\"187\" data-end=\"207\">1. Introduction<\/h2><p data-start=\"208\" data-end=\"385\">Ces conditions r\u00e9gissent l\u2019utilisation du site <strong data-start=\"255\" data-end=\"270\">oimaroc.com<\/strong> et les achats effectu\u00e9s sur notre boutique. En utilisant le site ou en passant commande, vous acceptez ces termes.<\/p><hr data-start=\"387\" data-end=\"390\" \/><h2 data-start=\"392\" data-end=\"408\">2. Produits<\/h2><p data-start=\"409\" data-end=\"548\">Nous faisons notre maximum pour afficher des descriptions et photos fid\u00e8les. Les prix et disponibilit\u00e9s peuvent \u00eatre modifi\u00e9s sans pr\u00e9avis.<\/p><hr data-start=\"550\" data-end=\"553\" \/><h2 data-start=\"555\" data-end=\"572\">3. Commandes<\/h2><p data-start=\"573\" data-end=\"796\">En confirmant une commande, vous vous engagez \u00e0 fournir des informations exactes (nom, adresse, t\u00e9l\u00e9phone\u2026).<br data-start=\"681\" data-end=\"684\" \/>OIMaroc se r\u00e9serve le droit d\u2019annuler une commande en cas d\u2019erreur, suspicion de fraude ou produit indisponible.<\/p><hr data-start=\"798\" data-end=\"801\" \/><h2 data-start=\"803\" data-end=\"826\">4. Prix &amp; Paiement<\/h2><p data-start=\"827\" data-end=\"1016\">Les prix affich\u00e9s incluent toutes taxes applicables.<br data-start=\"879\" data-end=\"882\" \/>Les paiements sont effectu\u00e9s via les m\u00e9thodes disponibles sur le site.<br data-start=\"952\" data-end=\"955\" \/>Les donn\u00e9es bancaires ne sont jamais stock\u00e9es sur notre site.<\/p><hr data-start=\"1018\" data-end=\"1021\" \/><h2 data-start=\"1023\" data-end=\"1040\">5. Livraison<\/h2><p data-start=\"1041\" data-end=\"1255\">Nous livrons dans tout le Maroc via nos partenaires.<br data-start=\"1093\" data-end=\"1096\" \/>Les d\u00e9lais de livraison sont estimatifs et peuvent varier selon la r\u00e9gion ou la disponibilit\u00e9 des produits.<br data-start=\"1203\" data-end=\"1206\" \/>Le client doit v\u00e9rifier son colis \u00e0 la r\u00e9ception.<\/p><hr data-start=\"1257\" data-end=\"1260\" \/><h2 data-start=\"1262\" data-end=\"1292\">6. Retour &amp; Remboursement<\/h2><p data-start=\"1293\" data-end=\"1491\">En cas de produit d\u00e9fectueux ou erreur de commande, le client doit nous contacter sous 48h pour un \u00e9change ou un retour.<br data-start=\"1413\" data-end=\"1416\" \/>Les retours ne sont accept\u00e9s que si le produit est dans son \u00e9tat d\u2019origine.<\/p><hr data-start=\"1493\" data-end=\"1496\" \/><h2 data-start=\"1498\" data-end=\"1520\">7. Responsabilit\u00e9<\/h2><p data-start=\"1521\" data-end=\"1706\">OIMaroc n\u2019est pas responsable des retards de transport, de l\u2019utilisation incorrecte des produits ou des dommages caus\u00e9s par des facteurs externes (transporteur, mauvaise installation\u2026).<\/p><hr data-start=\"1708\" data-end=\"1711\" \/><h2 data-start=\"1713\" data-end=\"1745\">8. Propri\u00e9t\u00e9 intellectuelle<\/h2><p data-start=\"1746\" data-end=\"1891\">Tous les contenus (images, textes, logos) pr\u00e9sents sur oimaroc.com sont la propri\u00e9t\u00e9 d\u2019OIMaroc.<br data-start=\"1841\" data-end=\"1844\" \/>Toute reproduction non autoris\u00e9e est interdite.<\/p><hr data-start=\"1893\" data-end=\"1896\" \/><h2 data-start=\"1898\" data-end=\"1926\">9. Donn\u00e9es personnelles<\/h2><p data-start=\"1927\" data-end=\"2035\">Vos donn\u00e9es sont trait\u00e9es conform\u00e9ment \u00e0 notre <strong data-start=\"1974\" data-end=\"2006\">Politique de Confidentialit\u00e9<\/strong> et \u00e0 la loi marocaine 09-08.<\/p><hr data-start=\"2037\" data-end=\"2040\" \/><h2 data-start=\"2042\" data-end=\"2078\">10. Modification des conditions<\/h2><p data-start=\"2079\" data-end=\"2201\">Nous nous r\u00e9servons le droit de modifier ces Termes &amp; Conditions \u00e0 tout moment.<br data-start=\"2158\" data-end=\"2161\" \/>La version publi\u00e9e sur le site fait foi.<\/p><p data-start=\"2079\" data-end=\"2201\">\u00a0<\/p>\t\t\t\t\t\t\t\t<\/div>\n\t\t\t\t<\/div>\n\t\t\t\t<div class=\"elementor-element elementor-element-7cc06b4 elementor-widget elementor-widget-text-editor\" data-id=\"7cc06b4\" data-element_type=\"widget\" data-e-type=\"widget\" data-widget_type=\"text-editor.default\">\n\t\t\t\t<div class=\"elementor-widget-container\">\n\t\t\t\t\t\t\t\t\t<p>\u0661. \u0645\u0642\u062f\u0645\u0629<\/p><p>\u062a\u064f\u0646\u0638\u0651\u0645 \u0647\u0630\u0647 \u0627\u0644\u0634\u0631\u0648\u0637 \u0648\u0627\u0644\u0623\u062d\u0643\u0627\u0645 \u0627\u0633\u062a\u062e\u062f\u0627\u0645 \u0645\u0648\u0642\u0639 oimaroc.com \u0648\u0639\u0645\u0644\u064a\u0627\u062a \u0627\u0644\u0634\u0631\u0627\u0621 \u0627\u0644\u062a\u064a \u062a\u062a\u0645 \u0641\u064a \u0645\u062a\u062c\u0631\u0646\u0627 \u0627\u0644\u0625\u0644\u0643\u062a\u0631\u0648\u0646\u064a. \u0628\u0627\u0633\u062a\u062e\u062f\u0627\u0645\u0643 \u0644\u0644\u0645\u0648\u0642\u0639 \u0623\u0648 \u062a\u0642\u062f\u064a\u0645 \u0637\u0644\u0628\u060c \u0641\u0625\u0646\u0643 \u062a\u0648\u0627\u0641\u0642 \u0639\u0644\u0649 \u0647\u0630\u0647 \u0627\u0644\u0634\u0631\u0648\u0637.<\/p><p>\u0662. \u0627\u0644\u0645\u0646\u062a\u062c\u0627\u062a<\/p><p>\u0646\u0628\u0630\u0644 \u0642\u0635\u0627\u0631\u0649 \u062c\u0647\u062f\u0646\u0627 \u0644\u0639\u0631\u0636 \u0623\u0648\u0635\u0627\u0641 \u0648\u0635\u0648\u0631 \u062f\u0642\u064a\u0642\u0629. \u0627\u0644\u0623\u0633\u0639\u0627\u0631 \u0648\u062a\u0648\u0627\u0641\u0631 \u0627\u0644\u0645\u0646\u062a\u062c\u0627\u062a \u0642\u0627\u0628\u0644\u0629 \u0644\u0644\u062a\u063a\u064a\u064a\u0631 \u062f\u0648\u0646 \u0625\u0634\u0639\u0627\u0631 \u0645\u0633\u0628\u0642.<\/p><p>\u0663. \u0627\u0644\u0637\u0644\u0628\u0627\u062a<\/p><p>\u0628\u062a\u0623\u0643\u064a\u062f\u0643 \u0644\u0644\u0637\u0644\u0628\u060c \u0641\u0625\u0646\u0643 \u062a\u0648\u0627\u0641\u0642 \u0639\u0644\u0649 \u062a\u0642\u062f\u064a\u0645 \u0645\u0639\u0644\u0648\u0645\u0627\u062a \u062f\u0642\u064a\u0642\u0629 (\u0627\u0644\u0627\u0633\u0645\u060c \u0627\u0644\u0639\u0646\u0648\u0627\u0646\u060c \u0631\u0642\u0645 \u0627\u0644\u0647\u0627\u062a\u0641\u060c \u0625\u0644\u062e).<br \/>\u062a\u062d\u062a\u0641\u0638 OIMaroc \u0628\u0627\u0644\u062d\u0642 \u0641\u064a \u0625\u0644\u063a\u0627\u0621 \u0627\u0644\u0637\u0644\u0628 \u0641\u064a \u062d\u0627\u0644\u0629 \u0648\u062c\u0648\u062f \u062e\u0637\u0623\u060c \u0623\u0648 \u0627\u0644\u0627\u0634\u062a\u0628\u0627\u0647 \u0641\u064a \u0648\u062c\u0648\u062f \u0627\u062d\u062a\u064a\u0627\u0644\u060c \u0623\u0648 \u0639\u062f\u0645 \u062a\u0648\u0641\u0631 \u0627\u0644\u0645\u0646\u062a\u062c.<\/p><p>\u0664. \u0627\u0644\u0623\u0633\u0639\u0627\u0631 \u0648\u0627\u0644\u062f\u0641\u0639<\/p><p>\u0627\u0644\u0623\u0633\u0639\u0627\u0631 \u0627\u0644\u0645\u0639\u0631\u0648\u0636\u0629 \u062a\u0634\u0645\u0644 \u062c\u0645\u064a\u0639 \u0627\u0644\u0636\u0631\u0627\u0626\u0628 \u0627\u0644\u0645\u0637\u0628\u0642\u0629.<br \/>\u064a\u062a\u0645 \u0627\u0644\u062f\u0641\u0639 \u0628\u0627\u0633\u062a\u062e\u062f\u0627\u0645 \u0627\u0644\u0637\u0631\u0642 \u0627\u0644\u0645\u062a\u0627\u062d\u0629 \u0639\u0644\u0649 \u0627\u0644\u0645\u0648\u0642\u0639.<br \/>\u0644\u0627 \u064a\u062a\u0645 \u062a\u062e\u0632\u064a\u0646 \u0628\u064a\u0627\u0646\u0627\u062a\u0643 \u0627\u0644\u0645\u0635\u0631\u0641\u064a\u0629 \u0639\u0644\u0649 \u0645\u0648\u0642\u0639\u0646\u0627.<\/p><p>\u0665. \u0627\u0644\u062a\u0648\u0635\u064a\u0644<\/p><p>\u0646\u0642\u0648\u0645 \u0628\u0627\u0644\u062a\u0648\u0635\u064a\u0644 \u0641\u064a \u062c\u0645\u064a\u0639 \u0623\u0646\u062d\u0627\u0621 \u0627\u0644\u0645\u063a\u0631\u0628 \u0639\u0628\u0631 \u0634\u0631\u0643\u0627\u0626\u0646\u0627.<\/p><p>\u0645\u0648\u0627\u0639\u064a\u062f \u0627\u0644\u062a\u0648\u0635\u064a\u0644 \u062a\u0642\u062f\u064a\u0631\u064a\u0629 \u0648\u0642\u062f \u062a\u062e\u062a\u0644\u0641 \u062d\u0633\u0628 \u0627\u0644\u0645\u0646\u0637\u0642\u0629 \u0623\u0648 \u062a\u0648\u0641\u0631 \u0627\u0644\u0645\u0646\u062a\u062c.<\/p><p>\u064a\u062c\u0628 \u0639\u0644\u0649 \u0627\u0644\u0639\u0645\u064a\u0644 \u0627\u0644\u062a\u062d\u0642\u0642 \u0645\u0646 \u0637\u0631\u062f\u0647 \u0639\u0646\u062f \u0627\u0644\u0627\u0633\u062a\u0644\u0627\u0645.<\/p><p>\u0666. \u0627\u0644\u0625\u0631\u062c\u0627\u0639 \u0648\u0627\u0644\u0627\u0633\u062a\u0631\u062f\u0627\u062f<\/p><p>\u0641\u064a \u062d\u0627\u0644 \u0648\u062c\u0648\u062f \u0639\u064a\u0628 \u0641\u064a \u0627\u0644\u0645\u0646\u062a\u062c \u0623\u0648 \u062e\u0637\u0623 \u0641\u064a \u0627\u0644\u0637\u0644\u0628\u060c \u064a\u062c\u0628 \u0639\u0644\u0649 \u0627\u0644\u0639\u0645\u064a\u0644 \u0627\u0644\u0627\u062a\u0635\u0627\u0644 \u0628\u0646\u0627 \u062e\u0644\u0627\u0644 \u0664\u0668 \u0633\u0627\u0639\u0629 \u0644\u0627\u0633\u062a\u0628\u062f\u0627\u0644\u0647 \u0623\u0648 \u0625\u0631\u062c\u0627\u0639\u0647.<\/p><p>\u0644\u0627 \u062a\u064f\u0642\u0628\u0644 \u0627\u0644\u0625\u0631\u062c\u0627\u0639\u0627\u062a \u0625\u0644\u0627 \u0625\u0630\u0627 \u0643\u0627\u0646 \u0627\u0644\u0645\u0646\u062a\u062c \u0641\u064a \u062d\u0627\u0644\u062a\u0647 \u0627\u0644\u0623\u0635\u0644\u064a\u0629.<\/p><p>\u0667. \u0627\u0644\u0645\u0633\u0624\u0648\u0644\u064a\u0629<\/p><p>\u0644\u0627 \u062a\u062a\u062d\u0645\u0644 OIMaroc \u0645\u0633\u0624\u0648\u0644\u064a\u0629 \u062a\u0623\u062e\u064a\u0631 \u0627\u0644\u0634\u062d\u0646\u060c \u0623\u0648 \u0627\u0644\u0627\u0633\u062a\u062e\u062f\u0627\u0645 \u063a\u064a\u0631 \u0627\u0644\u0633\u0644\u064a\u0645 \u0644\u0644\u0645\u0646\u062a\u062c\u0627\u062a\u060c \u0623\u0648 \u0627\u0644\u062a\u0644\u0641 \u0627\u0644\u0646\u0627\u062a\u062c \u0639\u0646 \u0639\u0648\u0627\u0645\u0644 \u062e\u0627\u0631\u062c\u064a\u0629 (\u0645\u062b\u0644 \u0634\u0631\u0643\u0629 \u0627\u0644\u0646\u0642\u0644\u060c \u0623\u0648 \u0627\u0644\u062a\u0631\u0643\u064a\u0628 \u063a\u064a\u0631 \u0627\u0644\u0635\u062d\u064a\u062d\u060c \u0625\u0644\u062e).<\/p><p>\u0668. \u0627\u0644\u0645\u0644\u0643\u064a\u0629 \u0627\u0644\u0641\u0643\u0631\u064a\u0629<\/p><p>\u062c\u0645\u064a\u0639 \u0627\u0644\u0645\u062d\u062a\u0648\u064a\u0627\u062a (\u0627\u0644\u0635\u0648\u0631\u060c \u0627\u0644\u0646\u0635\u0648\u0635\u060c \u0627\u0644\u0634\u0639\u0627\u0631\u0627\u062a) \u0639\u0644\u0649 \u0645\u0648\u0642\u0639 oimaroc.com \u0647\u064a \u0645\u0644\u0643 \u0644\u0634\u0631\u0643\u0629 OIMaroc.<\/p><p>\u064a\u064f\u062d\u0638\u0631 \u0623\u064a \u0646\u0633\u062e \u063a\u064a\u0631 \u0645\u0635\u0631\u062d \u0628\u0647.<\/p><p>\u0669. \u0627\u0644\u0628\u064a\u0627\u0646\u0627\u062a \u0627\u0644\u0634\u062e\u0635\u064a\u0629<\/p><p>\u062a\u064f\u0639\u0627\u0644\u062c \u0628\u064a\u0627\u0646\u0627\u062a\u0643 \u0648\u0641\u0642\u064b\u0627 \u0644\u0633\u064a\u0627\u0633\u0629 \u0627\u0644\u062e\u0635\u0648\u0635\u064a\u0629 \u0627\u0644\u062e\u0627\u0635\u0629 \u0628\u0646\u0627 \u0648\u0627\u0644\u0642\u0627\u0646\u0648\u0646 \u0627\u0644\u0645\u063a\u0631\u0628\u064a \u0631\u0642\u0645 \u0660\u0669-\u0660\u0668.<\/p><p>\u0661\u0660. \u062a\u0639\u062f\u064a\u0644\u0627\u062a \u0627\u0644\u0634\u0631\u0648\u0637 \u0648\u0627\u0644\u0623\u062d\u0643\u0627\u0645<\/p><p>\u0646\u062d\u062a\u0641\u0638 \u0628\u0627\u0644\u062d\u0642 \u0641\u064a \u062a\u0639\u062f\u064a\u0644 \u0647\u0630\u0647 \u0627\u0644\u0634\u0631\u0648\u0637 \u0648\u0627\u0644\u0623\u062d\u0643\u0627\u0645 \u0641\u064a \u0623\u064a \u0648\u0642\u062a.<\/p><p>\u0627\u0644\u0646\u0633\u062e\u0629 \u0627\u0644\u0645\u0646\u0634\u0648\u0631\u0629 \u0639\u0644\u0649 \u0627\u0644\u0645\u0648\u0642\u0639 \u0647\u064a \u0627\u0644\u0646\u0633\u062e\u0629 \u0627\u0644\u0645\u0639\u062a\u0645\u062f\u0629.<\/p>\t\t\t\t\t\t\t\t<\/div>\n\t\t\t\t<\/div>\n\t\t\t\t\t<\/div>\n\t\t\t\t<\/div>\n\t\t\t\t<\/div>\n\t\t\t\t<\/div>","protected":false},"excerpt":{"rendered":"<p>Conditions g\u00e9n\u00e9rales 1. Introduction Ces conditions r\u00e9gissent l\u2019utilisation du site oimaroc.com et les achats effectu\u00e9s sur notre boutique. En utilisant le site ou en passant commande, vous acceptez ces termes. 2. Produits Nous faisons notre maximum pour afficher des descriptions et photos fid\u00e8les. Les prix et disponibilit\u00e9s peuvent \u00eatre modifi\u00e9s sans pr\u00e9avis. 3. Commandes En&#8230;<\/p>","protected":false},"author":1,"featured_media":0,"parent":0,"menu_order":0,"comment_status":"closed","ping_status":"closed","template":"","meta":{"_bst_post_transparent":"","_bst_post_title":"hide","_bst_post_layout":"fullwidth","_bst_post_sidebar_id":"","_bst_post_content_style":"unboxed","_bst_post_vertical_padding":"hide","_bst_post_feature":"hide","_bst_post_feature_position":"","_bst_post_header":false,"_bst_post_footer":false,"footnotes":""},"class_list":["post-3945","page","type-page","status-publish","hentry"],"_links":{"self":[{"href":"https:\/\/oimaroc.com\/fr\/wp-json\/wp\/v2\/pages\/3945","targetHints":{"allow":["GET"]}}],"collection":[{"href":"https:\/\/oimaroc.com\/fr\/wp-json\/wp\/v2\/pages"}],"about":[{"href":"https:\/\/oimaroc.com\/fr\/wp-json\/wp\/v2\/types\/page"}],"author":[{"embeddable":true,"href":"https:\/\/oimaroc.com\/fr\/wp-json\/wp\/v2\/users\/1"}],"replies":[{"embeddable":true,"href":"https:\/\/oimaroc.com\/fr\/wp-json\/wp\/v2\/comments?post=3945"}],"version-history":[{"count":3,"href":"https:\/\/oimaroc.com\/fr\/wp-json\/wp\/v2\/pages\/3945\/revisions"}],"predecessor-version":[{"id":3952,"href":"https:\/\/oimaroc.com\/fr\/wp-json\/wp\/v2\/pages\/3945\/revisions\/3952"}],"wp:attachment":[{"href":"https:\/\/oimaroc.com\/fr\/wp-json\/wp\/v2\/media?parent=3945"}],"curies":[{"name":"wp","href":"https:\/\/api.w.org\/{rel}","templated":true}]}}