{"id":4278,"date":"2026-04-27T20:30:57","date_gmt":"2026-04-27T18:30:57","guid":{"rendered":"https:\/\/oimaroc.com\/?post_type=product&#038;p=4278"},"modified":"2026-04-30T14:04:44","modified_gmt":"2026-04-30T12:04:44","slug":"kit2pieces-de-reparation-de-bosses-avec-ventouse","status":"publish","type":"product","link":"https:\/\/oimaroc.com\/fr\/produit\/kit2pieces-de-reparation-de-bosses-avec-ventouse\/","title":{"rendered":"Kit(2pi\u00e8ces) de R\u00e9paration de Bosses avec Ventouse"},"content":{"rendered":"<p>2\u00d7\u0623\u062f\u0627\u0629&#8221;\u0641\u0648\u0646\u062a\u0648\u0632&#8221; \u0644\u0625\u0635\u0644\u0627\u062d \u0625\u0639\u0648\u062c\u0627\u062c \u0627\u0644\u062d\u062f\u064a\u062f \u0645\u062a\u0639\u062f\u062f\u0629 \u0627\u0644\u0625\u0633\u062a\u0639\u0645\u0627\u0644\u0627\u062a(\u0627\u0644\u0633\u064a\u0627\u0631\u0627\u062a\/\u0627\u0644\u062b\u0644\u0627\u062c\u0627\u062a\/&#8230;..).<br \/>\nKit(2pi\u00e8ces) de R\u00e9paration de Bosses avec Ventouse<\/p>","protected":false},"excerpt":{"rendered":"<p>2\u00d7\u0623\u062f\u0627\u0629&#8221;\u0641\u0648\u0646\u062a\u0648\u0632&#8221; \u0644\u0625\u0635\u0644\u0627\u062d \u0625\u0639\u0648\u062c\u0627\u062c \u0627\u0644\u062d\u062f\u064a\u062f \u0645\u062a\u0639\u062f\u062f\u0629 \u0627\u0644\u0625\u0633\u062a\u0639\u0645\u0627\u0644\u0627\u062a(\u0627\u0644\u0633\u064a\u0627\u0631\u0627\u062a\/\u0627\u0644\u062b\u0644\u0627\u062c\u0627\u062a\/&#8230;..). Kit(2pi\u00e8ces) de R\u00e9paration de Bosses avec Ventouse<\/p>","protected":false},"featured_media":4279,"comment_status":"open","ping_status":"closed","template":"","meta":{"_bst_post_transparent":"default","_bst_post_title":"","_bst_post_layout":"default","_bst_post_sidebar_id":"","_bst_post_content_style":"default","_bst_post_vertical_padding":"default","_bst_post_feature":"","_bst_post_feature_position":"","_bst_post_header":false,"_bst_post_footer":false},"product_brand":[],"product_cat":[47],"product_tag":[],"product_brands":[],"class_list":{"0":"post-4278","1":"product","2":"type-product","3":"status-publish","4":"has-post-thumbnail","6":"product_cat-chaudronnerie","8":"first","9":"instock","10":"taxable","11":"shipping-taxable","12":"purchasable","13":"product-type-simple","14":"entry","15":"content-bg","16":"loop-entry"},"_links":{"self":[{"href":"https:\/\/oimaroc.com\/fr\/wp-json\/wp\/v2\/product\/4278","targetHints":{"allow":["GET"]}}],"collection":[{"href":"https:\/\/oimaroc.com\/fr\/wp-json\/wp\/v2\/product"}],"about":[{"href":"https:\/\/oimaroc.com\/fr\/wp-json\/wp\/v2\/types\/product"}],"replies":[{"embeddable":true,"href":"https:\/\/oimaroc.com\/fr\/wp-json\/wp\/v2\/comments?post=4278"}],"version-history":[{"count":1,"href":"https:\/\/oimaroc.com\/fr\/wp-json\/wp\/v2\/product\/4278\/revisions"}],"predecessor-version":[{"id":4282,"href":"https:\/\/oimaroc.com\/fr\/wp-json\/wp\/v2\/product\/4278\/revisions\/4282"}],"wp:featuredmedia":[{"embeddable":true,"href":"https:\/\/oimaroc.com\/fr\/wp-json\/wp\/v2\/media\/4279"}],"wp:attachment":[{"href":"https:\/\/oimaroc.com\/fr\/wp-json\/wp\/v2\/media?parent=4278"}],"wp:term":[{"taxonomy":"product_brand","embeddable":true,"href":"https:\/\/oimaroc.com\/fr\/wp-json\/wp\/v2\/product_brand?post=4278"},{"taxonomy":"product_cat","embeddable":true,"href":"https:\/\/oimaroc.com\/fr\/wp-json\/wp\/v2\/product_cat?post=4278"},{"taxonomy":"product_tag","embeddable":true,"href":"https:\/\/oimaroc.com\/fr\/wp-json\/wp\/v2\/product_tag?post=4278"},{"taxonomy":"product_brands","embeddable":true,"href":"https:\/\/oimaroc.com\/fr\/wp-json\/wp\/v2\/product_brands?post=4278"}],"curies":[{"name":"wp","href":"https:\/\/api.w.org\/{rel}","templated":true}]}}